{"id":13,"date":"2024-12-29T22:49:13","date_gmt":"2024-12-29T22:49:13","guid":{"rendered":"https:\/\/calendly.nick-ehrlich.com\/?page_id=13"},"modified":"2024-12-30T11:53:22","modified_gmt":"2024-12-30T11:53:22","slug":"impressum","status":"publish","type":"page","link":"https:\/\/calendly.nick-ehrlich.com\/?page_id=13","title":{"rendered":"Impressum"},"content":{"rendered":"<p class=\"has-text-align-center\" style=\"text-align: left;\"><strong>Impressum<\/strong><br \/>Angaben gem\u00e4\u00df \u00a7 5 TMG<\/p>\n<p class=\"has-text-align-center\" style=\"text-align: left;\"><strong>Inhaber:<\/strong>\u00a0Nick Ehrlich<\/p>\n<p class=\"has-text-align-center\" style=\"text-align: left;\"><strong>Nick Ehrlich<\/strong><br \/>Knospenweg 6<br \/>22589 Hamburg<br \/>Deutschland<\/p>\n<p class=\"has-text-align-center\" style=\"text-align: left;\"><strong>E-Mail:<\/strong>\u00a0<a href=\"mailto:kontakt@nick-ehrlich.de\" target=\"_blank\" rel=\"noreferrer noopener\">kontakt@nick-ehrlich.com<\/a><br \/><strong>Telefon:<\/strong>\u00a00176 84023331<\/p>\n<p class=\"has-text-align-center\" style=\"text-align: left;\"><strong>Angaben zum Unternehmen<\/strong><br \/>Einzelunternehmen<br \/>Kleinunternehmer gem\u00e4\u00df \u00a7 19 UStG, daher keine Ausweisung der Umsatzsteuer.<\/p>\n<p class=\"has-text-align-center\" style=\"text-align: left;\"><strong>Verantwortlich f\u00fcr den Inhalt nach \u00a7 55 Abs. 2 RStV<\/strong><br \/>Nick Ehrlich<\/p>\n<p class=\"has-text-align-center\" style=\"text-align: left;\"><strong>Social Media und andere Onlinepr\u00e4senzen<\/strong><br \/>Dieses Impressum gilt auch f\u00fcr die folgenden Social-Media-Pr\u00e4senzen und Onlineprofile:<\/p>\n<p class=\"has-text-align-center\" style=\"text-align: left;\">Instagram:\u00a0<a href=\"https:\/\/www.instagram.com\/nick.is.editing\">@<\/a><a href=\"http:\/\/nick.is\/\" target=\"_blank\" rel=\"noreferrer noopener\">nick.is<\/a><a href=\"https:\/\/www.instagram.com\/nick.is.editing\">.editing<\/a><\/p>\n<p class=\"has-text-align-center\" style=\"text-align: left;\"><strong>Haftungs- und Schutzrechtshinweise<\/strong><br \/>Hinweise auf Rechtsverst\u00f6\u00dfe: Sollten Sie innerhalb unseres Internetauftritts Rechtsverst\u00f6\u00dfe bemerken, bitten wir Sie, uns darauf hinzuweisen. Wir werden rechtswidrige Inhalte und Links nach Kenntnisnahme unverz\u00fcglich entfernen.<\/p>\n\n\n<p><\/p>\n","protected":false},"excerpt":{"rendered":"<p>ImpressumAngaben gem\u00e4\u00df \u00a7 5 TMG Inhaber:\u00a0Nick Ehrlich Nick EhrlichKnospenweg 622589 HamburgDeutschland E-Mail:\u00a0kontakt@nick-ehrlich.comTelefon:\u00a00176 84023331 Angaben zum UnternehmenEinzelunternehmenKleinunternehmer gem\u00e4\u00df \u00a7 19 UStG, daher keine Ausweisung der Umsatzsteuer. Verantwortlich f\u00fcr den Inhalt nach \u00a7 55 Abs. 2 RStVNick Ehrlich Social Media und andere Onlinepr\u00e4senzenDieses Impressum gilt auch f\u00fcr die folgenden Social-Media-Pr\u00e4senzen und Onlineprofile: Instagram:\u00a0@nick.is.editing Haftungs- und SchutzrechtshinweiseHinweise auf [&hellip;]<\/p>\n","protected":false},"author":1,"featured_media":0,"parent":0,"menu_order":0,"comment_status":"closed","ping_status":"closed","template":"","meta":{"footnotes":""},"class_list":["post-13","page","type-page","status-publish","hentry"],"yoast_head":"<!-- This site is optimized with the Yoast SEO plugin v24.1 - https:\/\/yoast.com\/wordpress\/plugins\/seo\/ -->\n<title>Impressum - Calendly Nick Ehrlich<\/title>\n<meta name=\"robots\" content=\"index, follow, max-snippet:-1, max-image-preview:large, max-video-preview:-1\" \/>\n<link rel=\"canonical\" href=\"https:\/\/calendly.nick-ehrlich.com\/?page_id=13\" \/>\n<meta property=\"og:locale\" content=\"de_DE\" \/>\n<meta property=\"og:type\" content=\"article\" \/>\n<meta property=\"og:title\" content=\"Impressum - Calendly Nick Ehrlich\" \/>\n<meta property=\"og:description\" content=\"ImpressumAngaben gem\u00e4\u00df \u00a7 5 TMG Inhaber:\u00a0Nick Ehrlich Nick EhrlichKnospenweg 622589 HamburgDeutschland E-Mail:\u00a0kontakt@nick-ehrlich.comTelefon:\u00a00176 84023331 Angaben zum UnternehmenEinzelunternehmenKleinunternehmer gem\u00e4\u00df \u00a7 19 UStG, daher keine Ausweisung der Umsatzsteuer. Verantwortlich f\u00fcr den Inhalt nach \u00a7 55 Abs. 2 RStVNick Ehrlich Social Media und andere Onlinepr\u00e4senzenDieses Impressum gilt auch f\u00fcr die folgenden Social-Media-Pr\u00e4senzen und Onlineprofile: Instagram:\u00a0@nick.is.editing Haftungs- und SchutzrechtshinweiseHinweise auf [&hellip;]\" \/>\n<meta property=\"og:url\" content=\"https:\/\/calendly.nick-ehrlich.com\/?page_id=13\" \/>\n<meta property=\"og:site_name\" content=\"Calendly Nick Ehrlich\" \/>\n<meta property=\"article:modified_time\" content=\"2024-12-30T11:53:22+00:00\" \/>\n<meta name=\"twitter:card\" content=\"summary_large_image\" \/>\n<meta name=\"twitter:label1\" content=\"Gesch\u00e4tzte Lesezeit\" \/>\n\t<meta name=\"twitter:data1\" content=\"1\u00a0Minute\" \/>\n<script type=\"application\/ld+json\" class=\"yoast-schema-graph\">{\"@context\":\"https:\/\/schema.org\",\"@graph\":[{\"@type\":\"WebPage\",\"@id\":\"https:\/\/calendly.nick-ehrlich.com\/?page_id=13\",\"url\":\"https:\/\/calendly.nick-ehrlich.com\/?page_id=13\",\"name\":\"Impressum - Calendly Nick Ehrlich\",\"isPartOf\":{\"@id\":\"https:\/\/calendly.nick-ehrlich.com\/#website\"},\"datePublished\":\"2024-12-29T22:49:13+00:00\",\"dateModified\":\"2024-12-30T11:53:22+00:00\",\"breadcrumb\":{\"@id\":\"https:\/\/calendly.nick-ehrlich.com\/?page_id=13#breadcrumb\"},\"inLanguage\":\"de\",\"potentialAction\":[{\"@type\":\"ReadAction\",\"target\":[\"https:\/\/calendly.nick-ehrlich.com\/?page_id=13\"]}]},{\"@type\":\"BreadcrumbList\",\"@id\":\"https:\/\/calendly.nick-ehrlich.com\/?page_id=13#breadcrumb\",\"itemListElement\":[{\"@type\":\"ListItem\",\"position\":1,\"name\":\"Startseite\",\"item\":\"https:\/\/calendly.nick-ehrlich.com\/\"},{\"@type\":\"ListItem\",\"position\":2,\"name\":\"Impressum\"}]},{\"@type\":\"WebSite\",\"@id\":\"https:\/\/calendly.nick-ehrlich.com\/#website\",\"url\":\"https:\/\/calendly.nick-ehrlich.com\/\",\"name\":\"Calendly Nick Ehrlich\",\"description\":\"\",\"potentialAction\":[{\"@type\":\"SearchAction\",\"target\":{\"@type\":\"EntryPoint\",\"urlTemplate\":\"https:\/\/calendly.nick-ehrlich.com\/?s={search_term_string}\"},\"query-input\":{\"@type\":\"PropertyValueSpecification\",\"valueRequired\":true,\"valueName\":\"search_term_string\"}}],\"inLanguage\":\"de\"}]}<\/script>\n<!-- \/ Yoast SEO plugin. -->","yoast_head_json":{"title":"Impressum - Calendly Nick Ehrlich","robots":{"index":"index","follow":"follow","max-snippet":"max-snippet:-1","max-image-preview":"max-image-preview:large","max-video-preview":"max-video-preview:-1"},"canonical":"https:\/\/calendly.nick-ehrlich.com\/?page_id=13","og_locale":"de_DE","og_type":"article","og_title":"Impressum - Calendly Nick Ehrlich","og_description":"ImpressumAngaben gem\u00e4\u00df \u00a7 5 TMG Inhaber:\u00a0Nick Ehrlich Nick EhrlichKnospenweg 622589 HamburgDeutschland E-Mail:\u00a0kontakt@nick-ehrlich.comTelefon:\u00a00176 84023331 Angaben zum UnternehmenEinzelunternehmenKleinunternehmer gem\u00e4\u00df \u00a7 19 UStG, daher keine Ausweisung der Umsatzsteuer. Verantwortlich f\u00fcr den Inhalt nach \u00a7 55 Abs. 2 RStVNick Ehrlich Social Media und andere Onlinepr\u00e4senzenDieses Impressum gilt auch f\u00fcr die folgenden Social-Media-Pr\u00e4senzen und Onlineprofile: Instagram:\u00a0@nick.is.editing Haftungs- und SchutzrechtshinweiseHinweise auf [&hellip;]","og_url":"https:\/\/calendly.nick-ehrlich.com\/?page_id=13","og_site_name":"Calendly Nick Ehrlich","article_modified_time":"2024-12-30T11:53:22+00:00","twitter_card":"summary_large_image","twitter_misc":{"Gesch\u00e4tzte Lesezeit":"1\u00a0Minute"},"schema":{"@context":"https:\/\/schema.org","@graph":[{"@type":"WebPage","@id":"https:\/\/calendly.nick-ehrlich.com\/?page_id=13","url":"https:\/\/calendly.nick-ehrlich.com\/?page_id=13","name":"Impressum - Calendly Nick Ehrlich","isPartOf":{"@id":"https:\/\/calendly.nick-ehrlich.com\/#website"},"datePublished":"2024-12-29T22:49:13+00:00","dateModified":"2024-12-30T11:53:22+00:00","breadcrumb":{"@id":"https:\/\/calendly.nick-ehrlich.com\/?page_id=13#breadcrumb"},"inLanguage":"de","potentialAction":[{"@type":"ReadAction","target":["https:\/\/calendly.nick-ehrlich.com\/?page_id=13"]}]},{"@type":"BreadcrumbList","@id":"https:\/\/calendly.nick-ehrlich.com\/?page_id=13#breadcrumb","itemListElement":[{"@type":"ListItem","position":1,"name":"Startseite","item":"https:\/\/calendly.nick-ehrlich.com\/"},{"@type":"ListItem","position":2,"name":"Impressum"}]},{"@type":"WebSite","@id":"https:\/\/calendly.nick-ehrlich.com\/#website","url":"https:\/\/calendly.nick-ehrlich.com\/","name":"Calendly Nick Ehrlich","description":"","potentialAction":[{"@type":"SearchAction","target":{"@type":"EntryPoint","urlTemplate":"https:\/\/calendly.nick-ehrlich.com\/?s={search_term_string}"},"query-input":{"@type":"PropertyValueSpecification","valueRequired":true,"valueName":"search_term_string"}}],"inLanguage":"de"}]}},"_links":{"self":[{"href":"https:\/\/calendly.nick-ehrlich.com\/index.php?rest_route=\/wp\/v2\/pages\/13","targetHints":{"allow":["GET"]}}],"collection":[{"href":"https:\/\/calendly.nick-ehrlich.com\/index.php?rest_route=\/wp\/v2\/pages"}],"about":[{"href":"https:\/\/calendly.nick-ehrlich.com\/index.php?rest_route=\/wp\/v2\/types\/page"}],"author":[{"embeddable":true,"href":"https:\/\/calendly.nick-ehrlich.com\/index.php?rest_route=\/wp\/v2\/users\/1"}],"replies":[{"embeddable":true,"href":"https:\/\/calendly.nick-ehrlich.com\/index.php?rest_route=%2Fwp%2Fv2%2Fcomments&post=13"}],"version-history":[{"count":2,"href":"https:\/\/calendly.nick-ehrlich.com\/index.php?rest_route=\/wp\/v2\/pages\/13\/revisions"}],"predecessor-version":[{"id":39,"href":"https:\/\/calendly.nick-ehrlich.com\/index.php?rest_route=\/wp\/v2\/pages\/13\/revisions\/39"}],"wp:attachment":[{"href":"https:\/\/calendly.nick-ehrlich.com\/index.php?rest_route=%2Fwp%2Fv2%2Fmedia&parent=13"}],"curies":[{"name":"wp","href":"https:\/\/api.w.org\/{rel}","templated":true}]}}